{"id":52,"date":"2022-04-12T14:57:11","date_gmt":"2022-04-12T17:57:11","guid":{"rendered":"https:\/\/flagsmind.com\/csbandeira\/?post_type=product&#038;p=52"},"modified":"2022-04-12T14:59:39","modified_gmt":"2022-04-12T17:59:39","slug":"sistema-com-8-cameras-full-hd-1080p","status":"publish","type":"product","link":"https:\/\/flagsmind.com\/csbandeira\/index.php\/produto\/sistema-com-8-cameras-full-hd-1080p\/","title":{"rendered":"Sistema com 8 c\u00e2meras Full HD 1080p"},"content":{"rendered":"<p>Sistema de seguran\u00e7a de v\u00eddeo completo com oito c\u00e2meras de alta defini\u00e7\u00e3o, gravador DVR digital, Hard Disk de alta performance espec\u00edfico para grava\u00e7\u00e3o de v\u00eddeo e instala\u00e7\u00e3o completa.<\/p>\n<p>Indica\u00e7\u00f5es deste pacote de instala\u00e7\u00e3o<br \/>\nLocal indicado: Casas e pequenos com\u00e9rcios com movimento intenso;<br \/>\nTipo de cliente: Exigente, com rigidez na resolu\u00e7\u00e3o das imagens e grande necessidade de configura\u00e7\u00f5es avan\u00e7adas no sistema;<\/p>\n<p>Descri\u00e7\u00e3o detalhada do pacote de instala\u00e7\u00e3o 8 c\u00e2meras Full HD<\/p>\n<p>Este pacote de instala\u00e7\u00e3o de c\u00e2meras de seguran\u00e7a \u00e9 indicado para pessoas que tem afinidade com detalhes t\u00e9cnicos relacionados a resolu\u00e7\u00e3o de imagens e sistemas integrados de seguran\u00e7a.<br \/>\nPossui alt\u00edssima qualidade de imagem e grande espa\u00e7o de grava\u00e7\u00e3o.<br \/>\nSuficiente para cobrir um terreno at\u00e9 cerca de 500m\u00b2 com uma casa dentro. Toda a instala\u00e7\u00e3o \u00e9 feita por cabos coaxiais de alta qualidade, homologados pela Anatel. Este sistema n\u00e3o tem c\u00e2meras <em>wi-fi<\/em> [sem fio]. Isto deixa sua rede de <em>internet<\/em> livre para a utiliza\u00e7\u00e3o do que mais importa.<br \/>\nO sistema pode ser acessado de qualquer celular, <em>tablet<\/em> ou computador com <em>internet<\/em>.<\/p>\n<p>Itens que comp\u00f5e este pacote<\/p>\n<ul>\n<li>Gravador digital DVR de alta resolu\u00e7\u00e3o 1080p;<\/li>\n<li>8 c\u00e2meras Full HD 1080p;<\/li>\n<li>HD Western Digital WD Purple com 1Tb <em>[1.000 Gigabytes]<\/em>;<\/li>\n<li>200m de cabo coaxial Megatron &#8211; Anatel;<\/li>\n<li>Kit conectores;<\/li>\n<li>Instala\u00e7\u00e3o completa;<\/li>\n<li>Treinamento inicial de opera\u00e7\u00e3o do sistema.<\/li>\n<\/ul>\n<p>Palavras-chave para resumo deste pacote de instala\u00e7\u00e3o:<\/p>\n<p>Qualidade, seguran\u00e7a, imagens em Full HD [alta defini\u00e7\u00e3o], configura\u00e7\u00e3o avan\u00e7ada, reconhecimento de faces e placas de carro, tecnologia de ponta.<\/p>\n","protected":false},"excerpt":{"rendered":"<p>Sistema de seguran\u00e7a de v\u00eddeo completo com quatro c\u00e2meras de alta defini\u00e7\u00e3o, gravador DVR digital, Hard Disk de alta performance e instala\u00e7\u00e3o completa.<\/p>\n","protected":false},"featured_media":46,"comment_status":"open","ping_status":"closed","template":"","meta":{"om_disable_all_campaigns":false,"_mi_skip_tracking":false},"product_cat":[32],"product_tag":[35,38,40,37,39,43,36,42,41],"aioseo_notices":[],"_links":{"self":[{"href":"https:\/\/flagsmind.com\/csbandeira\/index.php\/wp-json\/wp\/v2\/product\/52"}],"collection":[{"href":"https:\/\/flagsmind.com\/csbandeira\/index.php\/wp-json\/wp\/v2\/product"}],"about":[{"href":"https:\/\/flagsmind.com\/csbandeira\/index.php\/wp-json\/wp\/v2\/types\/product"}],"replies":[{"embeddable":true,"href":"https:\/\/flagsmind.com\/csbandeira\/index.php\/wp-json\/wp\/v2\/comments?post=52"}],"wp:featuredmedia":[{"embeddable":true,"href":"https:\/\/flagsmind.com\/csbandeira\/index.php\/wp-json\/wp\/v2\/media\/46"}],"wp:attachment":[{"href":"https:\/\/flagsmind.com\/csbandeira\/index.php\/wp-json\/wp\/v2\/media?parent=52"}],"wp:term":[{"taxonomy":"product_cat","embeddable":true,"href":"https:\/\/flagsmind.com\/csbandeira\/index.php\/wp-json\/wp\/v2\/product_cat?post=52"},{"taxonomy":"product_tag","embeddable":true,"href":"https:\/\/flagsmind.com\/csbandeira\/index.php\/wp-json\/wp\/v2\/product_tag?post=52"}],"curies":[{"name":"wp","href":"https:\/\/api.w.org\/{rel}","templated":true}]}}